{"id":164,"date":"2020-12-02T09:46:01","date_gmt":"2020-12-02T09:46:01","guid":{"rendered":"https:\/\/casinojinn.com\/it\/?page_id=164"},"modified":"2020-12-03T14:50:46","modified_gmt":"2020-12-03T14:50:46","slug":"casino-bonus","status":"publish","type":"page","link":"https:\/\/casinojinn.com\/it\/casino-bonus\/","title":{"rendered":"Bonus Casino in Italia"},"content":{"rendered":"\n<p>Una delle caratteristiche preferite dai migliori giocatori di <a href=\"\/it\/casino-online\/\" class=\"rank-math-link\"><strong>casino online<\/strong><\/a> sono sicuramente i bonus. Non a caso, tantissimi utenti si focalizzano nella ricerca dei migliori bonus casino online con cui poter ottimizzare la loro esperienza di gioco su slot o altri giochi e vincere qualcosa in pi\u00f9. Nonostante ci\u00f2, trovare il miglior bonus casino, come un bonus senza deposito o un bonus di rimborso, non \u00e8 facile come potrebbe sembrare. Devi prendere in considerazione numerosi aspetti come requisiti di puntata minimi del bonus, periodo di validit\u00e0, importo di puntata o deposito, spesso accessibili solo leggendo lunghi e noiosi documenti.<\/p>\n","protected":false},"excerpt":{"rendered":"<p>Una delle caratteristiche preferite dai migliori giocatori di casino online sono sicuramente i bonus. Non a caso, tantissimi utenti si focalizzano nella ricerca dei migliori bonus casino online con cui poter ottimizzare la loro esperienza di gioco su slot o altri giochi e vincere qualcosa in pi\u00f9. Nonostante ci\u00f2, trovare il miglior bonus casino, come [&hellip;]<\/p>\n","protected":false},"author":1,"featured_media":0,"parent":0,"menu_order":0,"comment_status":"closed","ping_status":"closed","template":"custom-list-template.php","meta":{"footnotes":""},"class_list":["post-164","page","type-page","status-publish","hentry"],"post_mailing_queue_ids":[],"_links":{"self":[{"href":"https:\/\/casinojinn.com\/it\/wp-json\/wp\/v2\/pages\/164","targetHints":{"allow":["GET"]}}],"collection":[{"href":"https:\/\/casinojinn.com\/it\/wp-json\/wp\/v2\/pages"}],"about":[{"href":"https:\/\/casinojinn.com\/it\/wp-json\/wp\/v2\/types\/page"}],"author":[{"embeddable":true,"href":"https:\/\/casinojinn.com\/it\/wp-json\/wp\/v2\/users\/1"}],"replies":[{"embeddable":true,"href":"https:\/\/casinojinn.com\/it\/wp-json\/wp\/v2\/comments?post=164"}],"version-history":[{"count":14,"href":"https:\/\/casinojinn.com\/it\/wp-json\/wp\/v2\/pages\/164\/revisions"}],"predecessor-version":[{"id":238,"href":"https:\/\/casinojinn.com\/it\/wp-json\/wp\/v2\/pages\/164\/revisions\/238"}],"wp:attachment":[{"href":"https:\/\/casinojinn.com\/it\/wp-json\/wp\/v2\/media?parent=164"}],"curies":[{"name":"wp","href":"https:\/\/api.w.org\/{rel}","templated":true}]}}