{"id":194,"date":"2020-12-02T11:48:07","date_gmt":"2020-12-02T11:48:07","guid":{"rendered":"https:\/\/casinojinn.com\/it\/?page_id=194"},"modified":"2020-12-02T11:48:40","modified_gmt":"2020-12-02T11:48:40","slug":"chi-siamo","status":"publish","type":"page","link":"https:\/\/casinojinn.com\/it\/chi-siamo\/","title":{"rendered":"Chi siamo"},"content":{"rendered":"\n<p>Casino Jinn \u00e8 un sito web dedicato ad iGaming e casin\u00f2 online che include recensioni di giochi e casin\u00f2, guide utili e varie promozioni. Il sito web \u00e8 affiliato con entit\u00e0 del settore iGaming e conduce recensioni indipendenti di ogni casin\u00f2 e gioco. Lo scopo di qualsiasi informazione pubblicata su Casino Jinn \u00e8 quello di intrattenere i lettori e i consumatori e fornire loro una guida generale, approssimativa e non vincolante su quali giochi e casin\u00f2 potrebbero voler provare.<\/p>\n\n\n\n<h2 class=\"wp-block-heading\"><strong>Perch\u00e9 scegliere Casino Jinn?<\/strong><\/h2>\n\n\n\n<p>Casino Jinn \u00e8 una raccolta di brand e giochi da casin\u00f2, che offre consigli generali su gioco d&#8217;azzardo e prodotti per scommesse. Il sito web \u00e8 focalizzato sulla revisione di prodotti dal punto di vista dei singoli giocatori e dei professionisti del settore.<\/p>\n\n\n\n<p>Nonostante ci\u00f2, il sito web non offre consigli finanziari n\u00e9 alcun tipo di prova che scegliere un casin\u00f2 o un gioco anzich\u00e9 un altro sia una scelta migliore. Tutto \u00e8 basato su preferenze personali.<\/p>\n\n\n\n<p>Dove Casino Jinn eccelle \u00e8 nel fornire ai lettori un&#8217;ottima visione di ci\u00f2 che \u00e8 disponibile sul mercato iGaming. Casino Jinn trova brand che sembrano interessanti e li offre ai lettori.<\/p>\n\n\n\n<p>Ovviamente, ogni lettore deve decidere se un brand sembra affidabile o se soddisfa criteri specifici. Il servizio di recensione \u00e8 pensato per fornire solo una consulenza generale, ma mai una consulenza finanziaria o qualsiasi altra forma di servizio finanziario.<\/p>\n\n\n\n<p>Pertanto, qualsiasi raccomandazione presentata sul sito web per iscritto o in altra forma deve essere presa con le pinze e non data per scontato.<\/p>\n\n\n\n<h2 class=\"wp-block-heading\"><strong>Raccolta di giochi e bonus da casin\u00f2<\/strong><\/h2>\n\n\n\n<p>Il punto di forza di Casino Jinn sta nella capacit\u00e0 del sito web di fornire ai lettori e ai giocatori del casin\u00f2 una scelta diversificata di bonus che sono aggiornati e possono essere di interesse per chi \u00e8 alla ricerca di promozioni specifiche.<\/p>\n\n\n\n<p>Casino Jinn offre una serie di opzioni, tra cui giri gratis, pacchetti di benvenuto, bonus senza deposito e altro ancora. Il sito web spiega in dettaglio cosa sono queste promozioni e offre una guida generale su come riconoscere i bonus autonomamente.<\/p>\n\n\n\n<p>Inoltre, puoi cliccare su alcuni dei link presenti sul sito web per accedere a offerte bonus che potresti trovare interessanti. Casino Jinn prende nota dei termini e delle condizioni di ogni offerta, tuttavia \u00e8 tua esclusiva responsabilit\u00e0 assicurarti che questi termini siano vantaggiosi per te.<\/p>\n\n\n\n<p>Un altro vantaggio dell&#8217;utilizzo di Casino Jinn deriva dal fatto che \u00e8 possibile studiare rapidamente i diversi giochi da casin\u00f2 e vedere quali prodotti specifici ti piacciono di pi\u00f9. Di solito i giochi sono utilizzabili nei casin\u00f2 ufficiali dopo aver completato la registrazione.<\/p>\n\n\n\n<p>Nonostante ci\u00f2, spetta a ogni giurisdizione decidere quali criteri di gioco i giocatori e le imprese devono soddisfare. Da parte sua, Casino Jinn si assicura di fornire contenuti specifici dei prodotti che sono disponibili per i giocatori del casin\u00f2.<\/p>\n\n\n\n<p>Tenendo questo a mente, hai centinaia se non migliaia di articoli disponibili tra cui cercare. Per capire meglio la natura delle informazioni qui presenti, ti invitiamo a leggere l&#8217;esclusione di responsabilit\u00e0, la politica sulla privacy ed i termini e condizioni di Casino Jinn.<\/p>\n","protected":false},"excerpt":{"rendered":"<p>Casino Jinn \u00e8 un sito web dedicato ad iGaming e casin\u00f2 online che include recensioni di giochi e casin\u00f2, guide utili e varie promozioni. Il sito web \u00e8 affiliato con entit\u00e0 del settore iGaming e conduce recensioni indipendenti di ogni casin\u00f2 e gioco. Lo scopo di qualsiasi informazione pubblicata su Casino Jinn \u00e8 quello di [&hellip;]<\/p>\n","protected":false},"author":1,"featured_media":0,"parent":0,"menu_order":0,"comment_status":"closed","ping_status":"closed","template":"custom-page-template.php","meta":{"footnotes":""},"class_list":["post-194","page","type-page","status-publish","hentry"],"post_mailing_queue_ids":[],"_links":{"self":[{"href":"https:\/\/casinojinn.com\/it\/wp-json\/wp\/v2\/pages\/194","targetHints":{"allow":["GET"]}}],"collection":[{"href":"https:\/\/casinojinn.com\/it\/wp-json\/wp\/v2\/pages"}],"about":[{"href":"https:\/\/casinojinn.com\/it\/wp-json\/wp\/v2\/types\/page"}],"author":[{"embeddable":true,"href":"https:\/\/casinojinn.com\/it\/wp-json\/wp\/v2\/users\/1"}],"replies":[{"embeddable":true,"href":"https:\/\/casinojinn.com\/it\/wp-json\/wp\/v2\/comments?post=194"}],"version-history":[{"count":2,"href":"https:\/\/casinojinn.com\/it\/wp-json\/wp\/v2\/pages\/194\/revisions"}],"predecessor-version":[{"id":196,"href":"https:\/\/casinojinn.com\/it\/wp-json\/wp\/v2\/pages\/194\/revisions\/196"}],"wp:attachment":[{"href":"https:\/\/casinojinn.com\/it\/wp-json\/wp\/v2\/media?parent=194"}],"curies":[{"name":"wp","href":"https:\/\/api.w.org\/{rel}","templated":true}]}}