{"id":197,"date":"2020-12-02T11:52:22","date_gmt":"2020-12-02T11:52:22","guid":{"rendered":"https:\/\/casinojinn.com\/it\/?page_id=197"},"modified":"2020-12-02T11:52:23","modified_gmt":"2020-12-02T11:52:23","slug":"esclusione-di-responsabilita","status":"publish","type":"page","link":"https:\/\/casinojinn.com\/it\/esclusione-di-responsabilita\/","title":{"rendered":"Esclusione di responsabilit\u00e0"},"content":{"rendered":"\n<p>Casino Jinn \u00e8 un sito web creato esclusivamente per finalit\u00e0 di intrattenimento. Nessun contenuto per iscritto o su altro supporto sul sito web \u00e8 inteso come consulenza finanziaria. Pertanto, qualsiasi perdita finanziaria subita come risultato diretto o indiretto dell&#8217;utilizzo di <a href=\"\/it\/\" class=\"rank-math-link\"><strong>Casino Jinn<\/strong><\/a> \u00e8 di esclusiva responsabilit\u00e0 della parte interessata.<\/p>\n\n\n\n<p>Casino Jinn non consiglia n\u00e9 incoraggia a scegliere un bonus, a giocare in un casin\u00f2 o a selezionare un gioco specifico rispetto ad un altro, allo scopo di ottenere un vantaggio che possa portare alla libert\u00e0 finanziaria.<\/p>\n\n\n\n<p>Al contrario, Casino Jinn comprende che la libert\u00e0 finanziaria non \u00e8 raggiungibile attraverso il gioco d&#8217;azzardo e non dovrebbe quindi essere lo scopo per il quale si utilizzano le informazioni trovate sul sito web.<\/p>\n\n\n\n<h2 class=\"wp-block-heading\"><strong>Per quale scopo utilizzare le informazioni contenute su Casino Jinn?<\/strong><\/h2>\n\n\n\n<p>Essendo progettato per intrattenimento, Casino Jinn raccomanda di attenersi al sito web come fonte per leggere novit\u00e0 sul settore dei casin\u00f2. Questo significa che puoi utilizzare Casino Jinn come un catalogo di giochi, <a href=\"\/it\/casino-online\/\" class=\"rank-math-link\"><strong>casin\u00f2<\/strong><\/a> e bonus disponibili, ma mai come un sito web dove trovare o ottenere informazioni per poter &#8220;battere&#8221; i casin\u00f2 o i loro giochi.<\/p>\n\n\n\n<p>I giochi d&#8217;azzardo sono progettati per favorire intrinsecamente il casin\u00f2, fatto che significa che, a lungo termine, perderai sempre. Anche se potresti comunque vincere cifre elevate, tutto dipende dalla pura fortuna e non c&#8217;\u00e8 modo di influenzare i giochi a tuo vantaggio.<\/p>\n\n\n\n<h2 class=\"wp-block-heading\"><strong>I bonus sono utili?<\/strong><\/h2>\n\n\n\n<p>Non esistono prove statistiche che suggeriscano che un bonus sia utile nel senso che aiuti a vincere di pi\u00f9. L&#8217;unico vantaggio del bonus \u00e8 fornire pi\u00f9 soldi per giocare, ma non c&#8217;\u00e8 alcuna garanzia che questo si traduca in una migliore o maggiore frequenza delle vincite.&nbsp;<\/p>\n\n\n\n<p>La cosa migliore da fare \u00e8 considerare se un bonus sia effettivamente utile per estendere la sessione di gioco. L&#8217;estensione della sessione di gioco non \u00e8 sempre la soluzione migliore n\u00e9 consente di completare pi\u00f9 rapidamente i termini e le condizioni dei <a href=\"\/it\/casino-bonus\/\" class=\"rank-math-link\"><strong>bonus<\/strong><\/a>.<\/p>\n\n\n\n<h2 class=\"wp-block-heading\"><strong>Cosa succede nel caso in cui vengano smarriti i miei dati?<\/strong><\/h2>\n\n\n\n<p>Casino Jinn si impegner\u00e0 sempre a preservare i tuoi dati personali e non eseguire raccolta. Nel caso in cui il sito web sia stato infettato da una terza parte con conseguente danneggiamento di software o hardware, Casino Jinn non sar\u00e0 ritenuto responsabile.<\/p>\n\n\n\n<p>Abbiamo l&#8217;impegno di mantenere i pi\u00f9 alti standard di sicurezza digitale, ma in caso di attacco da parte di terzi malintenzionati, le uniche responsabilit\u00e0 sono tue e dei nostri lettori, per cui assicurati di disporre di software di protezione dagli attacchi.<\/p>\n\n\n\n<p>In caso di perdita dei dati e se riusciamo a identificare le parti interessate, ti informeremo per iscritto in modo che possa agire di conseguenza.<\/p>\n\n\n\n<p>Il sito web non \u00e8 responsabile per eventuali perdite di dati che si sono verificate in seguito all&#8217;uso diretto o indiretto dei servizi del sito web. Ti informiamo che Casino Jinn non ha alcuna responsabilit\u00e0 per garantire la sicurezza dei tuoi dati personali se non l&#8217;utilizzo di software e strumenti approvati.<\/p>\n","protected":false},"excerpt":{"rendered":"<p>Casino Jinn \u00e8 un sito web creato esclusivamente per finalit\u00e0 di intrattenimento. Nessun contenuto per iscritto o su altro supporto sul sito web \u00e8 inteso come consulenza finanziaria. Pertanto, qualsiasi perdita finanziaria subita come risultato diretto o indiretto dell&#8217;utilizzo di Casino Jinn \u00e8 di esclusiva responsabilit\u00e0 della parte interessata. Casino Jinn non consiglia n\u00e9 incoraggia [&hellip;]<\/p>\n","protected":false},"author":1,"featured_media":0,"parent":0,"menu_order":0,"comment_status":"closed","ping_status":"closed","template":"custom-page-template.php","meta":{"footnotes":""},"class_list":["post-197","page","type-page","status-publish","hentry"],"post_mailing_queue_ids":[],"_links":{"self":[{"href":"https:\/\/casinojinn.com\/it\/wp-json\/wp\/v2\/pages\/197","targetHints":{"allow":["GET"]}}],"collection":[{"href":"https:\/\/casinojinn.com\/it\/wp-json\/wp\/v2\/pages"}],"about":[{"href":"https:\/\/casinojinn.com\/it\/wp-json\/wp\/v2\/types\/page"}],"author":[{"embeddable":true,"href":"https:\/\/casinojinn.com\/it\/wp-json\/wp\/v2\/users\/1"}],"replies":[{"embeddable":true,"href":"https:\/\/casinojinn.com\/it\/wp-json\/wp\/v2\/comments?post=197"}],"version-history":[{"count":1,"href":"https:\/\/casinojinn.com\/it\/wp-json\/wp\/v2\/pages\/197\/revisions"}],"predecessor-version":[{"id":198,"href":"https:\/\/casinojinn.com\/it\/wp-json\/wp\/v2\/pages\/197\/revisions\/198"}],"wp:attachment":[{"href":"https:\/\/casinojinn.com\/it\/wp-json\/wp\/v2\/media?parent=197"}],"curies":[{"name":"wp","href":"https:\/\/api.w.org\/{rel}","templated":true}]}}