{"id":199,"date":"2020-12-02T11:55:52","date_gmt":"2020-12-02T11:55:52","guid":{"rendered":"https:\/\/casinojinn.com\/it\/?page_id=199"},"modified":"2020-12-02T12:00:25","modified_gmt":"2020-12-02T12:00:25","slug":"termini-e-condizioni","status":"publish","type":"page","link":"https:\/\/casinojinn.com\/it\/termini-e-condizioni\/","title":{"rendered":"Termini e condizioni Casino Jinn"},"content":{"rendered":"\n<p>I seguenti termini e condizioni rappresentano i termini di utilizzo generali del sito <a href=\"\/it\/\" class=\"rank-math-link\"><strong>Casino Jinn<\/strong><\/a>. Casino Jinn, di seguito denominato anche il sito web, stabilisce regole base per l&#8217;utilizzo e i termini che gli utenti devono rispettare per continuare ad utilizzare il sito web.<\/p>\n\n\n\n<p>Nel caso in cui voglia opporti a questa premessa, o qualsiasi disposizione nei termini e condizioni, esci dal sito web immediatamente.<\/p>\n\n\n\n<h2 class=\"wp-block-heading\">Termini e condizioni generali<\/h2>\n\n\n\n<p>Questo elenco indica ci\u00f2 che il sito web considera come termini e condizioni generali. I termini sono vincolanti e devono essere rispettati. In caso contrario, devi interrompere immediatamente l&#8217;utilizzo del sito web.<\/p>\n\n\n\n<ul class=\"wp-block-list\"><li>Casino Jinn non consente l&#8217;utilizzo di informazioni mostrate sulle pagine per attivit\u00e0 illegali;<\/li><li>I contenuti del sito web sono a solo scopo di intrattenimento e non costituiscono consulenza legale o finanziaria di alcun tipo;<\/li><li>Casino Jinn non si assume nessuna responsabilit\u00e0 legale per potenziali errori nei materiali pubblicati sulle pagine;<\/li><li>Allo stesso modo, Casino Jinn non \u00e8 responsabile per danni causati dall&#8217;uso del sito web;<\/li><li>Casino Jinn vieta copia e ridistribuzione dei materiali del sito senza consenso esplicito.<br><\/li><\/ul>\n\n\n\n<h2 class=\"wp-block-heading\"><strong>Tipo e natura dei contenuti&nbsp;<\/strong><\/h2>\n\n\n\n<p>I contenuti su Casino Jinn solo al solo scopo di intrattenimento. Non devono essere fraintesi come consulenza finanziaria di alcun tipo. Pertanto, il sito web proibisce ogni tipo di distribuzione dei contenuti forniti.<\/p>\n\n\n\n<p>Tutti i contenuti sono opera originale degli scrittori e appartengono a Casino Jinn. Sebbene il sito web non si assume alcuna responsabilit\u00e0 per i materiali pubblicati al di fuori del mondo dell&#8217;intrattenimento, qualsiasi tentativo di ridistribuire questi contenuti senza consenso scritto ed esplicito di Casino Jinn \u00e8 punibile per legge.<\/p>\n\n\n\n<h2 class=\"wp-block-heading\"><strong>Gioco responsabile<\/strong><\/h2>\n\n\n\n<p>Casino Jinn d\u00e0 priorit\u00e0 alla protezione dei giocatori. Ecco perch\u00e9 i contenuti pubblicati sul sito web sono in conformit\u00e0 con le regole di gioco responsabile emesse da governi e organizzazioni no-profit.<\/p>\n\n\n\n<p>Casino Jinn si assicurer\u00e0 che nessuno dei contenuti trovati sul sito web promuova un comportamento di gioco irresponsabile in qualsiasi forma. Tutti i bonus, i <strong><a href=\"\/it\/casino-online\/\" class=\"rank-math-link\">casin\u00f2<\/a><\/strong> e le recensioni di gioco pubblicate sul sito web sono solo raccomandazioni generali per intrattenimento.<\/p>\n\n\n\n<p>Non considerare mai nessuno dei contenuti sul sito web come una forma di consulenza finanziaria o un incentivo a giocare o scommettere di pi\u00f9. Non esistono prove che suggeriscono che qualsiasi <a href=\"\/it\/casino-bonus\/\" class=\"rank-math-link\"><strong>bonus<\/strong><\/a> permetta di vincere di pi\u00f9. Ricordati di giocare in modo intelligente e di essere responsabile.<\/p>\n\n\n\n<h2 class=\"wp-block-heading\"><strong>Virus<\/strong><\/h2>\n\n\n\n<p>Casino Jinn si impegna a proteggere i consumatori da virus. Nel caso in cui un computer o dispositivo venga infettato da un virus a causa dell&#8217;uso del sito web, Casino Jinn non pu\u00f2 essere ritenuto responsabile.&nbsp;<\/p>\n\n\n\n<p>Il sito web ricorda ad utenti e lettori che \u00e8 loro esclusiva responsabilit\u00e0 proteggere i dispositivi installando un software anti-virus adeguato e navigando in modo sicuro.<\/p>\n","protected":false},"excerpt":{"rendered":"<p>I seguenti termini e condizioni rappresentano i termini di utilizzo generali del sito Casino Jinn. Casino Jinn, di seguito denominato anche il sito web, stabilisce regole base per l&#8217;utilizzo e i termini che gli utenti devono rispettare per continuare ad utilizzare il sito web. Nel caso in cui voglia opporti a questa premessa, o qualsiasi [&hellip;]<\/p>\n","protected":false},"author":1,"featured_media":0,"parent":0,"menu_order":0,"comment_status":"closed","ping_status":"closed","template":"custom-page-template.php","meta":{"footnotes":""},"class_list":["post-199","page","type-page","status-publish","hentry"],"post_mailing_queue_ids":[],"_links":{"self":[{"href":"https:\/\/casinojinn.com\/it\/wp-json\/wp\/v2\/pages\/199","targetHints":{"allow":["GET"]}}],"collection":[{"href":"https:\/\/casinojinn.com\/it\/wp-json\/wp\/v2\/pages"}],"about":[{"href":"https:\/\/casinojinn.com\/it\/wp-json\/wp\/v2\/types\/page"}],"author":[{"embeddable":true,"href":"https:\/\/casinojinn.com\/it\/wp-json\/wp\/v2\/users\/1"}],"replies":[{"embeddable":true,"href":"https:\/\/casinojinn.com\/it\/wp-json\/wp\/v2\/comments?post=199"}],"version-history":[{"count":1,"href":"https:\/\/casinojinn.com\/it\/wp-json\/wp\/v2\/pages\/199\/revisions"}],"predecessor-version":[{"id":200,"href":"https:\/\/casinojinn.com\/it\/wp-json\/wp\/v2\/pages\/199\/revisions\/200"}],"wp:attachment":[{"href":"https:\/\/casinojinn.com\/it\/wp-json\/wp\/v2\/media?parent=199"}],"curies":[{"name":"wp","href":"https:\/\/api.w.org\/{rel}","templated":true}]}}