{"id":201,"date":"2020-12-02T11:59:16","date_gmt":"2020-12-02T11:59:16","guid":{"rendered":"https:\/\/casinojinn.com\/it\/?page_id=201"},"modified":"2020-12-02T11:59:38","modified_gmt":"2020-12-02T11:59:38","slug":"cookie","status":"publish","type":"page","link":"https:\/\/casinojinn.com\/it\/cookie\/","title":{"rendered":"Cookie"},"content":{"rendered":"\n<p>I cookie sono piccoli file di informazioni salvati direttamente sul computer dell&#8217;utente quando accede a <a href=\"\/it\/\" class=\"rank-math-link\"><strong>Casino Jinn<\/strong><\/a>, di seguito denominato il sito web. I cookie consentono al sito web di ricordare preferenze specifiche e azioni intraprese dal lettore o dall&#8217;utente durante la navigazione.\u00a0<\/p>\n\n\n\n<h2 class=\"wp-block-heading\"><strong>Accetti l&#8217;utilizzo dei cookie da parte di questo sito<\/strong><\/h2>\n\n\n\n<p>Continuando a usare il sito web, accetti i termini delineati in questa politica sui cookie. Accetti salvataggio e archiviazione dei cookie sul tuo computer o dispositivo.&nbsp;<\/p>\n\n\n\n<p>Nota che puoi accedere e navigare sul sito web senza cookie, ma potrebbero verificarsi malfunzionamenti.<\/p>\n\n\n\n<p>Per evitare l&#8217;archiviazione di cookie sul computer, disattiva l&#8217;opzione nelle impostazioni del browser.&nbsp;<\/p>\n\n\n\n<h2 class=\"wp-block-heading\"><strong>Tipi di cookie utilizzati qui<\/strong><\/h2>\n\n\n\n<p>Il sito web utilizza vari tipi di cookie. Questi cookie vengono archiviati per un tempo limitato o esteso sul computer. Esistono tre tipi generali di cookie:<\/p>\n\n\n\n<ul class=\"wp-block-list\"><li>Necessari a livello tecnico.<\/li><li>Archiviati per un breve periodo di tempo.<\/li><li>Archiviati da fornitori terzi.<\/li><\/ul>\n\n\n\n<p>Questi cookie sono progettati per rendere l&#8217;esperienza generale del sito migliore e forniscono un modo migliore per accedere all&#8217;offerta. Alcuni di questi cookie vengono usati per assicurare il corretto funzionamento del sito web oltre che raccogliere dati.<\/p>\n\n\n\n<p>I cookie possono aiutare il sito web ad identificare i percorsi del browser e, pertanto, comprendere i prodotti che interessano a lettori e consumatori.<\/p>\n\n\n\n<h2 class=\"wp-block-heading\"><strong>Cookie per analisi del traffico<\/strong><\/h2>\n\n\n\n<p>Per ottenere prestazioni e risultati migliori, il sito web utilizza un software specifico che consente di analizzare in modo rapido e inequivocabile abitudini e percorsi di navigazione dei lettori e degli utenti.<\/p>\n\n\n\n<p>I dati vengono poi inseriti in soluzioni con licenza, come Google Analytics, per poter scomporre i percorsi di navigazione e i dati di traffico e consentire al sito web di fornire dati generali migliori.&nbsp;<\/p>\n\n\n\n<p>Tutte queste informazioni sono trattate con attenzione e fornite solo ai partner per migliorare l&#8217;esperienza di navigazione di clienti, lettori e utenti del sito web.&nbsp;<\/p>\n\n\n\n<p>I cookie possono essere utilizzati da altri strumenti di terze parti che il sito web ritiene appropriati e necessari per l&#8217;uso.&nbsp;<\/p>\n\n\n\n<h2 class=\"wp-block-heading\"><strong>Diritto di eliminazione delle informazioni trasmesse via cookie<\/strong><\/h2>\n\n\n\n<p>Nel caso in cui lettori e consumatori desiderino ricevere le informazioni trasmesse dal sito web, possono farlo contattando il sito web e inviando una richiesta in forma scritta.<\/p>\n\n\n\n<p>Il sito web avr\u00e0 la responsabilit\u00e0 di eliminare le informazioni entro i tempi previsti dalla legge. Nonostante ci\u00f2, ti informiamo che \u00e8 responsabilit\u00e0 esclusiva dei consumatori consentire e negare l&#8217;accesso ai cookie.<\/p>\n\n\n\n<p>Questa politica sui cookie vincola ogni lettore, consumatore o utente del sito web, ed essi accettano che alcuni cookie vengano installati sui loro computer e dispositivi durante le sessioni di navigazione.<br>Per maggiori dettagli sui cookie, ti suggeriamo di leggere le risorse ufficiali disponibili su <a class=\"rank-math-link\" href=\"https:\/\/www.aboutcookies.org\/cookie-faq\/\" target=\"_blank\" rel=\"noopener\">https:\/\/www.aboutcookies.org\/cookie-faq\/<\/a>. Il sito web adotta delle soluzioni di sicurezza definite per garantire che i cookie siano sicuri. Nonostante ci\u00f2, \u00e8 responsabilit\u00e0 di consumatore, lettore o utente del sito assicurare la protezione dei propri dati.<\/p>\n","protected":false},"excerpt":{"rendered":"<p>I cookie sono piccoli file di informazioni salvati direttamente sul computer dell&#8217;utente quando accede a Casino Jinn, di seguito denominato il sito web. I cookie consentono al sito web di ricordare preferenze specifiche e azioni intraprese dal lettore o dall&#8217;utente durante la navigazione.\u00a0 Accetti l&#8217;utilizzo dei cookie da parte di questo sito Continuando a usare [&hellip;]<\/p>\n","protected":false},"author":1,"featured_media":0,"parent":0,"menu_order":0,"comment_status":"closed","ping_status":"closed","template":"custom-page-template.php","meta":{"footnotes":""},"class_list":["post-201","page","type-page","status-publish","hentry"],"post_mailing_queue_ids":[],"_links":{"self":[{"href":"https:\/\/casinojinn.com\/it\/wp-json\/wp\/v2\/pages\/201","targetHints":{"allow":["GET"]}}],"collection":[{"href":"https:\/\/casinojinn.com\/it\/wp-json\/wp\/v2\/pages"}],"about":[{"href":"https:\/\/casinojinn.com\/it\/wp-json\/wp\/v2\/types\/page"}],"author":[{"embeddable":true,"href":"https:\/\/casinojinn.com\/it\/wp-json\/wp\/v2\/users\/1"}],"replies":[{"embeddable":true,"href":"https:\/\/casinojinn.com\/it\/wp-json\/wp\/v2\/comments?post=201"}],"version-history":[{"count":2,"href":"https:\/\/casinojinn.com\/it\/wp-json\/wp\/v2\/pages\/201\/revisions"}],"predecessor-version":[{"id":203,"href":"https:\/\/casinojinn.com\/it\/wp-json\/wp\/v2\/pages\/201\/revisions\/203"}],"wp:attachment":[{"href":"https:\/\/casinojinn.com\/it\/wp-json\/wp\/v2\/media?parent=201"}],"curies":[{"name":"wp","href":"https:\/\/api.w.org\/{rel}","templated":true}]}}