{"id":251,"date":"2020-12-08T13:55:34","date_gmt":"2020-12-08T13:55:34","guid":{"rendered":"https:\/\/casinojinn.com\/it\/?page_id=251"},"modified":"2021-09-27T12:49:08","modified_gmt":"2021-09-27T11:49:08","slug":"quickspin","status":"publish","type":"page","link":"https:\/\/casinojinn.com\/it\/quickspin\/","title":{"rendered":"Quickspin"},"content":{"rendered":"\n<p>Quickspin \u00e8 uno sviluppatore di prodotti per gioco d&#8217;azzardo leader del settore. Infatti, \u00e8 difficile visitare un casin\u00f2 dove non siano facilmente disponibili dei titoli Quickspin. Qualsiasi operatore di <a href=\"\/it\/casino-online\/\" class=\"rank-math-link\"><strong>casin\u00f2<\/strong> <\/a>che non sfrutti i giochi eccezionali sviluppati da questa societ\u00e0 sicuramente non sta facendo il proprio meglio per offrire ai giocatori le opzioni migliori nel mondo dell&#8217;iGaming.<\/p>\n","protected":false},"excerpt":{"rendered":"<p>Quickspin \u00e8 uno sviluppatore di prodotti per gioco d&#8217;azzardo leader del settore. Infatti, \u00e8 difficile visitare un casin\u00f2 dove non siano facilmente disponibili dei titoli Quickspin. Qualsiasi operatore di casin\u00f2 che non sfrutti i giochi eccezionali sviluppati da questa societ\u00e0 sicuramente non sta facendo il proprio meglio per offrire ai giocatori le opzioni migliori nel [&hellip;]<\/p>\n","protected":false},"author":1,"featured_media":0,"parent":0,"menu_order":0,"comment_status":"closed","ping_status":"closed","template":"custom-list-template.php","meta":{"footnotes":""},"class_list":["post-251","page","type-page","status-publish","hentry"],"post_mailing_queue_ids":[],"_links":{"self":[{"href":"https:\/\/casinojinn.com\/it\/wp-json\/wp\/v2\/pages\/251","targetHints":{"allow":["GET"]}}],"collection":[{"href":"https:\/\/casinojinn.com\/it\/wp-json\/wp\/v2\/pages"}],"about":[{"href":"https:\/\/casinojinn.com\/it\/wp-json\/wp\/v2\/types\/page"}],"author":[{"embeddable":true,"href":"https:\/\/casinojinn.com\/it\/wp-json\/wp\/v2\/users\/1"}],"replies":[{"embeddable":true,"href":"https:\/\/casinojinn.com\/it\/wp-json\/wp\/v2\/comments?post=251"}],"version-history":[{"count":3,"href":"https:\/\/casinojinn.com\/it\/wp-json\/wp\/v2\/pages\/251\/revisions"}],"predecessor-version":[{"id":322,"href":"https:\/\/casinojinn.com\/it\/wp-json\/wp\/v2\/pages\/251\/revisions\/322"}],"wp:attachment":[{"href":"https:\/\/casinojinn.com\/it\/wp-json\/wp\/v2\/media?parent=251"}],"curies":[{"name":"wp","href":"https:\/\/api.w.org\/{rel}","templated":true}]}}