{"id":260,"date":"2020-12-09T11:02:14","date_gmt":"2020-12-09T11:02:14","guid":{"rendered":"https:\/\/casinojinn.com\/it\/?page_id=260"},"modified":"2020-12-21T12:47:26","modified_gmt":"2020-12-21T12:47:26","slug":"evolution-gaming","status":"publish","type":"page","link":"https:\/\/casinojinn.com\/it\/evolution-gaming\/","title":{"rendered":"Evolution Gaming"},"content":{"rendered":"\n<p>Evolution Gaming, societ\u00e0 con sede a Riga, in Latvia, nel 2006 ha iniziato la sua missione di rivoluzione del settore ed \u00e8 ancora in attivit\u00e0. Sin dalla pubblicazione del suo primo titolo, Evolution ha dominato l&#8217;industria dei giochi con croupier dal vivo. Infatti, il settore dell&#8217;iGaming non sarebbe stato lo stesso senza Evolution Gaming.<\/p>\n","protected":false},"excerpt":{"rendered":"<p>Evolution Gaming, societ\u00e0 con sede a Riga, in Latvia, nel 2006 ha iniziato la sua missione di rivoluzione del settore ed \u00e8 ancora in attivit\u00e0. Sin dalla pubblicazione del suo primo titolo, Evolution ha dominato l&#8217;industria dei giochi con croupier dal vivo. Infatti, il settore dell&#8217;iGaming non sarebbe stato lo stesso senza Evolution Gaming.<\/p>\n","protected":false},"author":1,"featured_media":0,"parent":0,"menu_order":0,"comment_status":"closed","ping_status":"closed","template":"custom-list-template.php","meta":{"footnotes":""},"class_list":["post-260","page","type-page","status-publish","hentry"],"post_mailing_queue_ids":[],"_links":{"self":[{"href":"https:\/\/casinojinn.com\/it\/wp-json\/wp\/v2\/pages\/260","targetHints":{"allow":["GET"]}}],"collection":[{"href":"https:\/\/casinojinn.com\/it\/wp-json\/wp\/v2\/pages"}],"about":[{"href":"https:\/\/casinojinn.com\/it\/wp-json\/wp\/v2\/types\/page"}],"author":[{"embeddable":true,"href":"https:\/\/casinojinn.com\/it\/wp-json\/wp\/v2\/users\/1"}],"replies":[{"embeddable":true,"href":"https:\/\/casinojinn.com\/it\/wp-json\/wp\/v2\/comments?post=260"}],"version-history":[{"count":3,"href":"https:\/\/casinojinn.com\/it\/wp-json\/wp\/v2\/pages\/260\/revisions"}],"predecessor-version":[{"id":305,"href":"https:\/\/casinojinn.com\/it\/wp-json\/wp\/v2\/pages\/260\/revisions\/305"}],"wp:attachment":[{"href":"https:\/\/casinojinn.com\/it\/wp-json\/wp\/v2\/media?parent=260"}],"curies":[{"name":"wp","href":"https:\/\/api.w.org\/{rel}","templated":true}]}}