{"id":263,"date":"2020-12-09T11:09:33","date_gmt":"2020-12-09T11:09:33","guid":{"rendered":"https:\/\/casinojinn.com\/it\/?page_id=263"},"modified":"2020-12-09T11:09:34","modified_gmt":"2020-12-09T11:09:34","slug":"microgaming","status":"publish","type":"page","link":"https:\/\/casinojinn.com\/it\/microgaming\/","title":{"rendered":"Migliori casin\u00f2 Microgaming"},"content":{"rendered":"\n<p>I casin\u00f2 online Microgaming sono tra i <strong><a href=\"\/it\/casino-online\/\" class=\"rank-math-link\">migliori siti di scommesse<\/a> <\/strong>per molti giocatori nel mondo. Dagli anni &#8217;90, Microgaming \u00e8 riuscita a catturare l&#8217;attenzione dei giocatori e degli operatori di casin\u00f2 online. Questo fornitore di software \u00e8 famoso per lo sviluppo di giochi online pluripremiati, compresi giochi da casin\u00f2 innovativi. Oggi, i giocatori possono facilmente trovare i casin\u00f2 Microgaming con i migliori giochi.<\/p>\n\n\n\n<p>CasinoJinn ha preparato questa guida per aiutarti a scoprire tutto quello che devi sapere sui casin\u00f2 Microgaming. Qui, scoprirai ci\u00f2 che la societ\u00e0 \u00e8 riuscita a realizzare nel corso degli anni. Imparerai a conoscere i casin\u00f2 online che collaborano con Microgaming e cosa offrono ai giocatori. Andiamo!<\/p>\n","protected":false},"excerpt":{"rendered":"<p>I casin\u00f2 online Microgaming sono tra i migliori siti di scommesse per molti giocatori nel mondo. Dagli anni &#8217;90, Microgaming \u00e8 riuscita a catturare l&#8217;attenzione dei giocatori e degli operatori di casin\u00f2 online. Questo fornitore di software \u00e8 famoso per lo sviluppo di giochi online pluripremiati, compresi giochi da casin\u00f2 innovativi. Oggi, i giocatori possono [&hellip;]<\/p>\n","protected":false},"author":1,"featured_media":0,"parent":0,"menu_order":0,"comment_status":"closed","ping_status":"closed","template":"custom-list-template.php","meta":{"footnotes":""},"class_list":["post-263","page","type-page","status-publish","hentry"],"post_mailing_queue_ids":[],"_links":{"self":[{"href":"https:\/\/casinojinn.com\/it\/wp-json\/wp\/v2\/pages\/263","targetHints":{"allow":["GET"]}}],"collection":[{"href":"https:\/\/casinojinn.com\/it\/wp-json\/wp\/v2\/pages"}],"about":[{"href":"https:\/\/casinojinn.com\/it\/wp-json\/wp\/v2\/types\/page"}],"author":[{"embeddable":true,"href":"https:\/\/casinojinn.com\/it\/wp-json\/wp\/v2\/users\/1"}],"replies":[{"embeddable":true,"href":"https:\/\/casinojinn.com\/it\/wp-json\/wp\/v2\/comments?post=263"}],"version-history":[{"count":2,"href":"https:\/\/casinojinn.com\/it\/wp-json\/wp\/v2\/pages\/263\/revisions"}],"predecessor-version":[{"id":265,"href":"https:\/\/casinojinn.com\/it\/wp-json\/wp\/v2\/pages\/263\/revisions\/265"}],"wp:attachment":[{"href":"https:\/\/casinojinn.com\/it\/wp-json\/wp\/v2\/media?parent=263"}],"curies":[{"name":"wp","href":"https:\/\/api.w.org\/{rel}","templated":true}]}}